{"id":38,"date":"2023-02-24T10:55:29","date_gmt":"2023-02-24T10:55:29","guid":{"rendered":"http:\/\/lisco-consulting.com\/?page_id=38"},"modified":"2023-03-12T13:33:10","modified_gmt":"2023-03-12T13:33:10","slug":"imprint","status":"publish","type":"page","link":"https:\/\/lisco-consulting.com\/?page_id=21\/?page_id=38","title":{"rendered":"Imprint"},"content":{"rendered":"\n<p class=\"has-medium-font-size\" style=\"font-style:normal;font-weight:300\"><style>\/*! elementor - v3.11.2 - 22-02-2023 *\/&lt;br \/> .elementor-heading-title{padding:0;margin:0;line-height:1}.elementor-widget-heading .elementor-heading-title[class*=elementor-size-]>a{color:inherit;font-size:inherit;line-height:inherit}.elementor-widget-heading .elementor-heading-title.elementor-size-small{font-size:15px}.elementor-widget-heading .elementor-heading-title.elementor-size-medium{font-size:19px}.elementor-widget-heading .elementor-heading-title.elementor-size-large{font-size:29px}.elementor-widget-heading .elementor-heading-title.elementor-size-xl{font-size:39px}.elementor-widget-heading .elementor-heading-title.elementor-size-xxl{font-size:59px}<\/style>(IMPRESSUM)<\/p>\n\n\n\n<p class=\"has-text-color\" style=\"color:#0d7296\">Untenstehend finden Sie die deutsche Version<\/p>\n\n\n\n<p><style>\/*! elementor - v3.11.2 - 22-02-2023 *\/<br \/>\n.elementor-column .elementor-spacer-inner{height:var(--spacer-size)}.e-con{--container-widget-width:100%}.e-con-inner>.elementor-widget-spacer,.e-con>.elementor-widget-spacer{width:var(--container-widget-width,var(--spacer-size));--align-self:var(--container-widget-align-self,initial);--flex-shrink:0}.e-con-inner>.elementor-widget-spacer>.elementor-widget-container,.e-con-inner>.elementor-widget-spacer>.elementor-widget-container>.elementor-spacer,.e-con>.elementor-widget-spacer>.elementor-widget-container,.e-con>.elementor-widget-spacer>.elementor-widget-container>.elementor-spacer{height:100%}.e-con-inner>.elementor-widget-spacer>.elementor-widget-container>.elementor-spacer>.elementor-spacer-inner,.e-con>.elementor-widget-spacer>.elementor-widget-container>.elementor-spacer>.elementor-spacer-inner{height:var(--container-widget-height,var(--spacer-size))}<\/style><\/p>\n\n\n\n<p class=\"has-small-font-size\"><b>Dr. Niels Quistorff<\/b><br>LISCO Life Science Consulting &amp; Staffing<\/p>\n\n\n\n<p class=\"has-small-font-size\">Burggarten 7<br>20535 Hamburg<\/p>\n\n\n\n<p class=\"has-small-font-size\">Telephone: +49 (0)40 25493077<br>Fax: +49 (0)40 25493078<br>Email: info@lisco-consulting.com<\/p>\n\n\n\n<p class=\"has-small-font-size\">VAT ID:<br>Value-added tax identification number according to \u00a727a of the Value-Added Tax Act:<br>DE 276351418<\/p>\n\n\n\n<h2 class=\"has-medium-font-size\" style=\"font-style:normal;font-weight:400\">Responsible for the content<\/h2>\n\n\n\n<p class=\"has-small-font-size\">Dr. Niels Quistorff<\/p>\n\n\n\n<h2 class=\"has-medium-font-size\" style=\"font-style:normal;font-weight:400\">Content Management System<\/h2>\n\n\n\n<p class=\"has-small-font-size\">STRATO.de<\/p>\n\n\n\n<h2 class=\"has-medium-font-size\" style=\"font-style:normal;font-weight:400\">Webdesign<\/h2>\n\n\n\n<p class=\"has-small-font-size\">Maria Karapiperi<\/p>\n\n\n\n<h2 class=\"has-medium-font-size\" style=\"font-style:normal;font-weight:400\">References for the images used<\/h2>\n\n\n\n<p class=\"has-small-font-size\"><a href=\"https:\/\/www.istockphoto.com\/de\/foto\/medizinischer-roboter-von-r%C3%B6ntgenger%C3%A4ten-krankenhaus-computer-gm1200736707-344057506#\">https:\/\/www.istockphoto.com\/de\/foto\/medizinischer-roboter-von-r%C3%B6ntgenger%C3%A4ten-krankenhaus-computer-gm1200736707-344057506#<\/a><\/p>\n\n\n\n<p class=\"has-small-font-size\"><a href=\"https:\/\/www.freepik.com\/premium-photo\/modern-equipment-operating-room-medical-devices-neurosurgery_8658403.htm#&amp;position=0&amp;from_view=undefined\">https:\/\/www.freepik.com\/premium-photo\/modern-equipment-operating-room-medical-devices-neurosurgery_8658403.htm#&amp;position=0&amp;from_view=undefined<\/a><\/p>\n\n\n\n<p class=\"has-text-align-left has-medium-font-size\" style=\"font-style:normal;font-weight:400\">Note in accordance with the Online Dispute Resolution Regulation<\/p>\n\n\n\n<p class=\"has-small-font-size\">Under current law, we are obligated to inform consumers about the existence of the European Online Dispute Resolution platform, which can be used to resolve disputes without the involvement of a court. The European Commission is responsible for the establishment of the platform, which can be found at <a href=\"http:\/\/ec.europa.eu\/odr\">http:\/\/ec.europa.eu\/odr<\/a>. Our email address is <a href=\"mailto:info@lisco-consulting.com\">info@lisco-consulting.com<\/a>.<\/p>\n\n\n\n<p class=\"has-small-font-size\">However, we would like to point out that we are not willing to participate in the dispute resolution procedure within the framework of the European Online Dispute Resolution platform. Please use our email and telephone number above to contact us.<\/p>\n\n\n\n<h2 class=\"has-medium-font-size\" style=\"font-style:normal;font-weight:400\">Declaration on Gender Equality<\/h2>\n\n\n\n<p class=\"has-small-font-size\">Our service and content on this website apply equally to all genders.<\/p>\n\n\n\n<div class=\"is-layout-flex wp-container-2 wp-block-columns\">\n<div class=\"is-layout-flow wp-block-column\"><\/div>\n<\/div>\n\n\n\n<h2 class=\"has-medium-font-size\" style=\"font-style:normal;font-weight:300\">DISCLAIMER &#8211; LEGAL NOTICES<\/h2>\n\n\n\n<h3 class=\"has-small-font-size\" style=\"font-style:normal;font-weight:600\">\u00a7 1 Warning Regarding Content<\/h3>\n\n\n\n<p class=\"has-small-font-size\">The free and publicly accessible content on this website has been created with the utmost care. However, the provider of this website does not guarantee the accuracy or timeliness of the free and publicly accessible journalistic advice and news provided. Specifically marked contributions represent the opinion of the respective author and not always the opinion of the provider. Simply accessing the free and publicly accessible content does not establish any contractual relationship between the user and the provider, and therefore the provider does not intend to be bound.<\/p>\n\n\n\n<h2 class=\"has-small-font-size\" style=\"font-style:normal;font-weight:600\">\u00a7 2 External Links<\/h2>\n\n\n\n<p class=\"has-small-font-size\">This website contains links to third-party websites (&#8220;external links&#8221;). These websites are subject to the liability of the respective operators. At the time of the initial linking of external links, the provider checked the foreign content for any possible legal violations. At that time, no legal violations were apparent. The provider has no influence on the current and future design and content of linked pages. The creation of external links does not imply that the provider adopts the content behind the reference or link as its own. Constant monitoring of external links is not reasonable for the provider without specific indications of legal violations. However, such external links will be deleted immediately upon knowledge of legal violations.<\/p>\n\n\n\n<h2 class=\"has-small-font-size\" style=\"font-style:normal;font-weight:500\">\u00a7 3 Copyright and Industrial Property Rights<\/h2>\n\n\n\n<p class=\"has-small-font-size\">The content published on this website is subject to German copyright and industrial property rights. Any utilization not permitted by German copyright and industrial property rights requires the prior written consent of the provider or the respective rights holder. This applies in particular to reproduction, editing, translation, storage, processing, or reproduction of content in databases or other electronic media and systems. Content and rights of third parties are marked as such. Unauthorized reproduction or dissemination of individual content or complete pages is not permitted and punishable. Only the production of copies and downloads for personal, private and non-commercial use is permitted.<\/p>\n\n\n\n<p class=\"has-small-font-size\">The display of this website within foreign frames is only permissible with written consent.<\/p>\n\n\n\n<p class=\"has-small-font-size\" style=\"font-style:normal;font-weight:500\">\u00a7 4 Special terms and conditions of use<\/p>\n\n\n\n<p class=\"has-small-font-size\">To the extent that special conditions for individual uses of this website deviate from the aforementioned paragraphs, explicit reference will be made to such deviation at the relevant location. In such cases, the special terms and conditions of use shall apply to the respective individual case.<\/p>\n\n\n\n<p class=\"has-small-font-size\" style=\"font-style:normal;font-weight:300\">Source: <a href=\"https:\/\/www.fachanwalt.de\/impressum-generator\/\">Impressum Generator \u1405 Vorlage kostenlos erstellen DSGVO (fachanwalt.de)<\/a> (translated into English and supplemented with our own disclosures).<\/p>\n\n\n\n<div class=\"is-layout-flex wp-container-4 wp-block-columns\">\n<div class=\"is-layout-flow wp-block-column\"><\/div>\n<\/div>\n\n\n\n\n\n<p class=\"has-text-color\" style=\"color:#0d7296;font-style:normal;font-weight:400\">German Version<\/p>\n\n\n\n<h2 class=\"has-large-font-size\" style=\"font-style:normal;font-weight:300\">IMPRESSUM<\/h2>\n\n\n\n<p class=\"has-small-font-size\"><b>Dr. Niels Quistorff<\/b><br>LISCO Life Science Consulting &amp; Staffing<br>Burggarten 7<br>20535 Hamburg<\/p>\n\n\n\n<p class=\"has-small-font-size\">Telefon: +49 (0)40 25493077<br>Telefax: +49 (0)40 25493078<br>E-Mail: info@lisco-consulting.com<\/p>\n\n\n\n<p class=\"has-small-font-size\">Umsatzsteuer-ID:<br>Umsatzsteuer-Identifikationsnummer nach \u00a727a Umsatzsteuergesetz:<br>DE 276351418<\/p>\n\n\n\n<h2 class=\"has-medium-font-size\" style=\"font-style:normal;font-weight:400\">Verantwortlich f\u00fcr den Inhalt<\/h2>\n\n\n\n<p class=\"has-small-font-size\">Dr. Niels Quistorff<\/p>\n\n\n\n<h2 class=\"has-medium-font-size\" style=\"font-style:normal;font-weight:400\">Content Management System<\/h2>\n\n\n\n<p class=\"has-small-font-size\">STRATO.de<\/p>\n\n\n\n<h2 class=\"has-medium-font-size\" style=\"font-style:normal;font-weight:400\">Webdesign<\/h2>\n\n\n\n<p class=\"has-small-font-size\">Maria Karapiperi<\/p>\n\n\n\n<h2 class=\"has-medium-font-size\" style=\"font-style:normal;font-weight:400\">Quellenangabe f\u00fcr Bilder<\/h2>\n\n\n\n<p class=\"has-small-font-size\"><a href=\"https:\/\/www.istockphoto.com\/de\/foto\/medizinischer-roboter-von-r%C3%B6ntgenger%C3%A4ten-krankenhaus-computer-gm1200736707-344057506#\">https:\/\/www.istockphoto.com\/de\/foto\/medizinischer-roboter-von-r%C3%B6ntgenger%C3%A4ten-krankenhaus-computer-gm1200736707-344057506#<\/a><\/p>\n\n\n\n<p class=\"has-small-font-size\"><a href=\"https:\/\/www.freepik.com\/premium-photo\/modern-equipment-operating-room-medical-devices-neurosurgery_8658403.htm#&amp;position=0&amp;from_view=undefined\">https:\/\/www.freepik.com\/premium-photo\/modern-equipment-operating-room-medical-devices-neurosurgery_8658403.htm#&amp;position=0&amp;from_view=undefined<\/a><\/p>\n\n\n\n<p class=\"has-medium-font-size\" style=\"font-style:normal;font-weight:400\">Hinweis gem\u00e4\u00df Online-Streitbeilegungs-Verordnung<\/p>\n\n\n\n<p class=\"has-small-font-size\">Nach geltendem Recht sind wir verpflichtet, Verbraucher auf die Existenz der Europ\u00e4ischen Online-Streitbeilegungs-Plattform hinzuweisen, die f\u00fcr die Beilegung von Streitigkeiten genutzt werden kann, ohne dass ein Gericht eingeschaltet werden muss. F\u00fcr die Einrichtung der Plattform ist die Europ\u00e4ische Kommission zust\u00e4ndig. Die Europ\u00e4ische Online-Streitbeilegungs-Plattform ist hier zu finden:&nbsp;<a rel=\"noreferrer noopener\" href=\"http:\/\/ec.europa.eu\/odr\" target=\"_blank\">http:\/\/ec.europa.eu\/odr<\/a>. Unsere E-Mail lautet:&nbsp;<a href=\"mailto:info@lisco-consulting.com\">info@lisco-consulting.com<\/a><\/p>\n\n\n\n<p class=\"has-small-font-size\">Wir weisen aber darauf hin, dass wir nicht bereit sind, uns am Streitbeilegungsverfahren im Rahmen der Europ\u00e4ischen Online-Streitbeilegungs-Plattform zu beteiligen. Nutzen Sie zur Kontaktaufnahme bitte unsere obige E-Mail und Telefonnummer.<\/p>\n\n\n\n<h2 class=\"has-medium-font-size\" style=\"font-style:normal;font-weight:400\">Erkl\u00e4rung zur Geschlechtergleichstellung<\/h2>\n\n\n\n<p class=\"has-small-font-size\">Unsere Dienstleistung und der Inhalt auf dieser Website richten sich gleicherma\u00dfen an alle Geschlechter.<\/p>\n\n\n\n<div class=\"is-layout-flex wp-container-6 wp-block-columns\">\n<div class=\"is-layout-flow wp-block-column\"><\/div>\n<\/div>\n\n\n\n<h2 class=\"has-medium-font-size\" style=\"font-style:normal;font-weight:300;letter-spacing:1px\">DISCLAIMER \u2013 RECHTLICHE HINWEISE<\/h2>\n\n\n\n<h2 class=\"has-small-font-size\" style=\"font-style:normal;font-weight:600\">\u00a7 1 Warnhinweis zu Inhalten<\/h2>\n\n\n\n<p class=\"has-small-font-size\">Die kostenlosen und frei zug\u00e4nglichen Inhalte dieser Webseite wurden mit gr\u00f6\u00dftm\u00f6glicher Sorgfalt erstellt. Der Anbieter dieser Webseite \u00fcbernimmt jedoch keine Gew\u00e4hr f\u00fcr die Richtigkeit und Aktualit\u00e4t der bereitgestellten kostenlosen und frei zug\u00e4nglichen journalistischen Ratgeber und Nachrichten. Namentlich gekennzeichnete Beitr\u00e4ge geben die Meinung des jeweiligen Autors und nicht immer die Meinung des Anbieters wieder. Allein durch den Aufruf der kostenlosen und frei zug\u00e4nglichen Inhalte kommt keinerlei Vertragsverh\u00e4ltnis zwischen dem Nutzer und dem Anbieter zustande, insoweit fehlt es am Rechtsbindungswillen des Anbieters.<\/p>\n\n\n\n<h2 class=\"has-small-font-size\" style=\"font-style:normal;font-weight:600\">\u00a7 2 Externe Links<\/h2>\n\n\n\n<p class=\"has-small-font-size\">Diese Website enth\u00e4lt Verkn\u00fcpfungen zu Websites Dritter (&#8220;externe Links&#8221;). Diese Websites unterliegen der Haftung der jeweiligen Betreiber. Der Anbieter hat bei der erstmaligen Verkn\u00fcpfung der externen Links die fremden Inhalte daraufhin \u00fcberpr\u00fcft, ob etwaige Rechtsverst\u00f6\u00dfe bestehen. Zu dem Zeitpunkt waren keine Rechtsverst\u00f6\u00dfe ersichtlich. Der Anbieter hat keinerlei Einfluss auf die aktuelle und zuk\u00fcnftige Gestaltung und auf die Inhalte der verkn\u00fcpften Seiten. Das Setzen von externen Links bedeutet nicht, dass sich der Anbieter die hinter dem Verweis oder Link liegenden Inhalte zu Eigen macht. Eine st\u00e4ndige Kontrolle der externen Links ist f\u00fcr den Anbieter ohne konkrete Hinweise auf Rechtsverst\u00f6\u00dfe nicht zumutbar. Bei Kenntnis von Rechtsverst\u00f6\u00dfen werden jedoch derartige externe Links unverz\u00fcglich gel\u00f6scht.<\/p>\n\n\n\n<h2 class=\"has-small-font-size\" style=\"font-style:normal;font-weight:600\">\u00a7 3 Urheber- und Leistungsschutzrechte<\/h2>\n\n\n\n<p class=\"has-small-font-size\">Die auf dieser Website ver\u00f6ffentlichten Inhalte unterliegen dem deutschen Urheber- und Leistungsschutzrecht. Jede vom deutschen Urheber- und Leistungsschutzrecht nicht zugelassene Verwertung bedarf der vorherigen schriftlichen Zustimmung des Anbieters oder jeweiligen Rechteinhabers. Dies gilt insbesondere f\u00fcr Vervielf\u00e4ltigung, Bearbeitung, \u00dcbersetzung, Einspeicherung, Verarbeitung bzw. Wiedergabe von Inhalten in Datenbanken oder anderen elektronischen Medien und Systemen. Inhalte und Rechte Dritter sind dabei als solche gekennzeichnet. Die unerlaubte Vervielf\u00e4ltigung oder Weitergabe einzelner Inhalte oder kompletter Seiten ist nicht gestattet und strafbar. Lediglich die Herstellung von Kopien und Downloads f\u00fcr den pers\u00f6nlichen, privaten und nicht kommerziellen Gebrauch ist erlaubt.<br>Die Darstellung dieser Website in fremden Frames ist nur mit schriftlicher Erlaubnis zul\u00e4ssig.<\/p>\n\n\n\n<h2 class=\"has-small-font-size\" style=\"font-style:normal;font-weight:600\">\u00a7 4 Besondere Nutzungsbedingungen<\/h2>\n\n\n\n<p class=\"has-small-font-size\">Soweit besondere Bedingungen f\u00fcr einzelne Nutzungen dieser Website von den vorgenannten Paragraphen abweichen, wird an entsprechender Stelle ausdr\u00fccklich darauf hingewiesen. In diesem Falle gelten im jeweiligen Einzelfall die besonderen Nutzungsbedingungen.<\/p>\n\n\n\n<p class=\"has-small-font-size\" style=\"font-style:normal;font-weight:300\">Quelle: <a href=\"https:\/\/www.fachanwalt.de\/impressum-generator\/\">Impressum Generator \u1405 Vorlage kostenlos erstellen DSGVO (fachanwalt.de)<\/a> (erg\u00e4nzt um unsere eigenen Angaben).<\/p>\n","protected":false},"excerpt":{"rendered":"<p>(IMPRESSUM) Untenstehend finden Sie die deutsche Version Dr. Niels QuistorffLISCO Life Science Consulting &amp; Staffing Burggarten 720535 Hamburg Telephone: +49 (0)40 25493077Fax: +49 (0)40 25493078Email: info@lisco-consulting.com VAT ID:Value-added tax identification number according to \u00a727a of the Value-Added Tax Act:DE 276351418 Responsible for the content Dr. Niels Quistorff Content Management System STRATO.de Webdesign Maria Karapiperi References [&hellip;]<\/p>\n","protected":false},"author":1,"featured_media":0,"parent":21,"menu_order":0,"comment_status":"closed","ping_status":"closed","template":"","meta":[],"_links":{"self":[{"href":"https:\/\/lisco-consulting.com\/?page_id=21%2Findex.php&rest_route=\/wp\/v2\/pages\/38"}],"collection":[{"href":"https:\/\/lisco-consulting.com\/?page_id=21%2Findex.php&rest_route=\/wp\/v2\/pages"}],"about":[{"href":"https:\/\/lisco-consulting.com\/?page_id=21%2Findex.php&rest_route=\/wp\/v2\/types\/page"}],"author":[{"embeddable":true,"href":"https:\/\/lisco-consulting.com\/?page_id=21%2Findex.php&rest_route=\/wp\/v2\/users\/1"}],"replies":[{"embeddable":true,"href":"https:\/\/lisco-consulting.com\/?page_id=21%2Findex.php&rest_route=%2Fwp%2Fv2%2Fcomments&post=38"}],"version-history":[{"count":28,"href":"https:\/\/lisco-consulting.com\/?page_id=21%2Findex.php&rest_route=\/wp\/v2\/pages\/38\/revisions"}],"predecessor-version":[{"id":402,"href":"https:\/\/lisco-consulting.com\/?page_id=21%2Findex.php&rest_route=\/wp\/v2\/pages\/38\/revisions\/402"}],"up":[{"embeddable":true,"href":"https:\/\/lisco-consulting.com\/?page_id=21%2Findex.php&rest_route=\/wp\/v2\/pages\/21"}],"wp:attachment":[{"href":"https:\/\/lisco-consulting.com\/?page_id=21%2Findex.php&rest_route=%2Fwp%2Fv2%2Fmedia&parent=38"}],"curies":[{"name":"wp","href":"https:\/\/api.w.org\/{rel}","templated":true}]}}